{"id":377,"date":"2021-12-30T16:58:18","date_gmt":"2021-12-30T16:58:18","guid":{"rendered":"https:\/\/www.landberg.ch\/?page_id=377"},"modified":"2023-07-25T16:15:09","modified_gmt":"2023-07-25T16:15:09","slug":"ueber-uns","status":"publish","type":"page","link":"https:\/\/www.landberg.ch\/?page_id=377","title":{"rendered":"\u00dcber uns"},"content":{"rendered":"\t\t<div data-elementor-type=\"wp-page\" data-elementor-id=\"377\" class=\"elementor elementor-377\">\n\t\t\t\t\t\t<section class=\"elementor-section elementor-top-section elementor-element elementor-element-d010c84 elementor-section-height-min-height elementor-section-boxed elementor-section-height-default elementor-section-items-middle wpr-particle-no wpr-jarallax-no wpr-parallax-no wpr-sticky-section-no wpr-equal-height-no\" data-id=\"d010c84\" data-element_type=\"section\" data-e-type=\"section\" data-settings=\"{&quot;background_background&quot;:&quot;slideshow&quot;,&quot;shape_divider_bottom&quot;:&quot;waves&quot;,&quot;background_slideshow_gallery&quot;:[{&quot;id&quot;:66,&quot;url&quot;:&quot;https:\\\/\\\/www.landberg.ch\\\/wp-content\\\/uploads\\\/slider2\\\/IMG_20200827_103638_0-scaled.jpeg&quot;},{&quot;id&quot;:292,&quot;url&quot;:&quot;https:\\\/\\\/www.landberg.ch\\\/wp-content\\\/uploads\\\/2021\\\/10\\\/IMG_20210921_093200_8-scaled-e1633272460446.jpg&quot;},{&quot;id&quot;:500,&quot;url&quot;:&quot;https:\\\/\\\/www.landberg.ch\\\/wp-content\\\/uploads\\\/2022\\\/12\\\/Baumnuss_quer-scaled.jpg&quot;},{&quot;id&quot;:236,&quot;url&quot;:&quot;https:\\\/\\\/www.landberg.ch\\\/wp-content\\\/uploads\\\/2021\\\/09\\\/Suessmost_Bild_Flasche_1.png&quot;},{&quot;id&quot;:140,&quot;url&quot;:&quot;https:\\\/\\\/www.landberg.ch\\\/wp-content\\\/uploads\\\/2021\\\/07\\\/stgalleroel.jpg&quot;},{&quot;id&quot;:480,&quot;url&quot;:&quot;https:\\\/\\\/www.landberg.ch\\\/wp-content\\\/uploads\\\/2022\\\/05\\\/IMG-20220524-WA0004.jpg&quot;},{&quot;id&quot;:63,&quot;url&quot;:&quot;https:\\\/\\\/www.landberg.ch\\\/wp-content\\\/uploads\\\/2020\\\/08\\\/kaese.jpg&quot;},{&quot;id&quot;:495,&quot;url&quot;:&quot;https:\\\/\\\/www.landberg.ch\\\/wp-content\\\/uploads\\\/2022\\\/08\\\/DSC05017-scaled.jpg&quot;},{&quot;id&quot;:70,&quot;url&quot;:&quot;https:\\\/\\\/www.landberg.ch\\\/wp-content\\\/uploads\\\/slider3\\\/DSC_2893-scaled.jpeg&quot;},{&quot;id&quot;:64,&quot;url&quot;:&quot;https:\\\/\\\/www.landberg.ch\\\/wp-content\\\/uploads\\\/2020\\\/08\\\/Chia.jpg&quot;},{&quot;id&quot;:293,&quot;url&quot;:&quot;https:\\\/\\\/www.landberg.ch\\\/wp-content\\\/uploads\\\/2021\\\/10\\\/IMG_20210903_144627_3-scaled-e1633273216382.jpg&quot;},{&quot;id&quot;:387,&quot;url&quot;:&quot;https:\\\/\\\/www.landberg.ch\\\/wp-content\\\/uploads\\\/2021\\\/12\\\/IMG_20210614_143537_5_2.jpg&quot;}],&quot;background_slideshow_slide_duration&quot;:3000,&quot;background_slideshow_loop&quot;:&quot;yes&quot;,&quot;background_slideshow_slide_transition&quot;:&quot;fade&quot;,&quot;background_slideshow_transition_duration&quot;:500}\">\n\t\t\t\t\t\t\t<div class=\"elementor-background-overlay\"><\/div>\n\t\t\t\t\t\t<div class=\"elementor-shape elementor-shape-bottom\" aria-hidden=\"true\" data-negative=\"false\">\n\t\t\t<svg xmlns=\"http:\/\/www.w3.org\/2000\/svg\" viewBox=\"0 0 1000 100\" preserveAspectRatio=\"none\">\n\t<path class=\"elementor-shape-fill\" d=\"M421.9,6.5c22.6-2.5,51.5,0.4,75.5,5.3c23.6,4.9,70.9,23.5,100.5,35.7c75.8,32.2,133.7,44.5,192.6,49.7\n\tc23.6,2.1,48.7,3.5,103.4-2.5c54.7-6,106.2-25.6,106.2-25.6V0H0v30.3c0,0,72,32.6,158.4,30.5c39.2-0.7,92.8-6.7,134-22.4\n\tc21.2-8.1,52.2-18.2,79.7-24.2C399.3,7.9,411.6,7.5,421.9,6.5z\"\/>\n<\/svg>\t\t<\/div>\n\t\t\t\t\t<div class=\"elementor-container elementor-column-gap-default\">\n\t\t\t\t\t<div class=\"elementor-column elementor-col-100 elementor-top-column elementor-element elementor-element-fa5640b\" data-id=\"fa5640b\" data-element_type=\"column\" data-e-type=\"column\" data-settings=\"{&quot;background_background&quot;:&quot;slideshow&quot;,&quot;background_slideshow_gallery&quot;:[],&quot;background_slideshow_loop&quot;:&quot;yes&quot;,&quot;background_slideshow_slide_duration&quot;:5000,&quot;background_slideshow_slide_transition&quot;:&quot;fade&quot;,&quot;background_slideshow_transition_duration&quot;:500}\">\n\t\t\t<div class=\"elementor-widget-wrap elementor-element-populated\">\n\t\t\t\t\t\t<div class=\"elementor-element elementor-element-542ed4f elementor-widget elementor-widget-heading\" data-id=\"542ed4f\" data-element_type=\"widget\" data-e-type=\"widget\" data-widget_type=\"heading.default\">\n\t\t\t\t<div class=\"elementor-widget-container\">\n\t\t\t\t\t<h2 class=\"elementor-heading-title elementor-size-default\">\u00dcber uns<\/h2>\t\t\t\t<\/div>\n\t\t\t\t<\/div>\n\t\t\t\t\t<\/div>\n\t\t<\/div>\n\t\t\t\t\t<\/div>\n\t\t<\/section>\n\t\t\t\t<section class=\"elementor-section elementor-top-section elementor-element elementor-element-b6b37c0 elementor-section-boxed elementor-section-height-default elementor-section-height-default wpr-particle-no wpr-jarallax-no wpr-parallax-no wpr-sticky-section-no wpr-equal-height-no\" data-id=\"b6b37c0\" data-element_type=\"section\" data-e-type=\"section\">\n\t\t\t\t\t\t<div class=\"elementor-container elementor-column-gap-default\">\n\t\t\t\t\t<div class=\"elementor-column elementor-col-100 elementor-top-column elementor-element elementor-element-389f09a\" data-id=\"389f09a\" data-element_type=\"column\" data-e-type=\"column\">\n\t\t\t<div class=\"elementor-widget-wrap elementor-element-populated\">\n\t\t\t\t\t\t<div class=\"elementor-element elementor-element-06d3fa7 elementor-widget elementor-widget-spacer\" data-id=\"06d3fa7\" data-element_type=\"widget\" data-e-type=\"widget\" data-widget_type=\"spacer.default\">\n\t\t\t\t<div class=\"elementor-widget-container\">\n\t\t\t\t\t\t\t<div class=\"elementor-spacer\">\n\t\t\t<div class=\"elementor-spacer-inner\"><\/div>\n\t\t<\/div>\n\t\t\t\t\t\t<\/div>\n\t\t\t\t<\/div>\n\t\t\t\t<div class=\"elementor-element elementor-element-c8b8f1a animated-slow elementor-invisible elementor-widget elementor-widget-image\" data-id=\"c8b8f1a\" data-element_type=\"widget\" data-e-type=\"widget\" data-settings=\"{&quot;_animation&quot;:&quot;zoomIn&quot;}\" data-widget_type=\"image.default\">\n\t\t\t\t<div class=\"elementor-widget-container\">\n\t\t\t\t\t\t\t\t\t\t\t\t<figure class=\"wp-caption\">\n\t\t\t\t\t\t\t\t\t\t<img decoding=\"async\" src=\"https:\/\/www.landberg.ch\/wp-content\/uploads\/elementor\/thumbs\/Chia_Landberg-scaled-oucxu3f911p8ztnrtna6xmdiyn7v3ocjo6vk7qgcco.jpg\" title=\"Chia_Landberg\" alt=\"Chia_Landberg\" loading=\"lazy\" \/>\t\t\t\t\t\t\t\t\t\t\t<figcaption class=\"widget-image-caption wp-caption-text\">Roman und Melanie mit Remo, Delia und Nico<\/figcaption>\n\t\t\t\t\t\t\t\t\t\t<\/figure>\n\t\t\t\t\t\t\t\t\t<\/div>\n\t\t\t\t<\/div>\n\t\t\t\t\t<\/div>\n\t\t<\/div>\n\t\t\t\t\t<\/div>\n\t\t<\/section>\n\t\t\t\t<section class=\"elementor-section elementor-top-section elementor-element elementor-element-41439cd elementor-section-boxed elementor-section-height-default elementor-section-height-default wpr-particle-no wpr-jarallax-no wpr-parallax-no wpr-sticky-section-no wpr-equal-height-no\" data-id=\"41439cd\" data-element_type=\"section\" data-e-type=\"section\">\n\t\t\t\t\t\t<div class=\"elementor-container elementor-column-gap-default\">\n\t\t\t\t\t<div class=\"elementor-column elementor-col-100 elementor-top-column elementor-element elementor-element-89ae883\" data-id=\"89ae883\" data-element_type=\"column\" data-e-type=\"column\">\n\t\t\t<div class=\"elementor-widget-wrap elementor-element-populated\">\n\t\t\t\t\t\t<div class=\"elementor-element elementor-element-ca92edb elementor-widget elementor-widget-text-editor\" data-id=\"ca92edb\" data-element_type=\"widget\" data-e-type=\"widget\" data-widget_type=\"text-editor.default\">\n\t\t\t\t<div class=\"elementor-widget-container\">\n\t\t\t\t\t\t\t\t\t<p>Unser Familienbetrieb bewirtschaften wir in der 6. Generation. Die landwirtschaftliche Nutzfl\u00e4che betr\u00e4gt rund 15 ha. Es werden Tafel\u00e4pfel, Kirschen, Erdbeeren, Himbeeren, Zwetschgen, Holunder sowie auf rund 80 Hochstammobstb\u00e4umen Mostobst produziert. Die Biodiversit\u00e4tsf\u00f6rderfl\u00e4chen sowie die Hochstammobstb\u00e4ume weisen die h\u00f6chste Qualit\u00e4tsstufe aus. Bei der Produktion unserer Fr\u00fcchte und Beeren achten wir auf die Nachhaltigkeit &#8211; \u00f6kologisch wie auch \u00f6konomisch. Dabei setzen wir einen Mix der beiden Produktionssystemen biologisch wie auch nach IP-Suisse ein. Der Witterungsschutz hilft uns die Kulturen vor der Witterung zu sch\u00fctzen aber auch gegen unerw\u00fcnschte Sch\u00e4dlingen. Bei der Sortenwahl achten wir auf die Robustheit gegen Krankheiten und ein intensives Aroma.&nbsp;<\/p>\n<p>Unsere 120 H\u00fchner leben in zwei kleinen Gruppen und haben t\u00e4glich Auslauf im Freien auf der Weide. Eine vielseitige F\u00fctterung f\u00f6rdert die sch\u00f6ne goldene Farbe vom Eigelb sowie einen guten Geschmack.&nbsp;&nbsp;<\/p>\n<p>Kommen Sie vorbei &#8211; Wir freuen uns auf Sie!<\/p>\t\t\t\t\t\t\t\t<\/div>\n\t\t\t\t<\/div>\n\t\t\t\t\t<\/div>\n\t\t<\/div>\n\t\t\t\t\t<\/div>\n\t\t<\/section>\n\t\t\t\t<section class=\"elementor-section elementor-top-section elementor-element elementor-element-3e41031 elementor-section-boxed elementor-section-height-default elementor-section-height-default wpr-particle-no wpr-jarallax-no wpr-parallax-no wpr-sticky-section-no wpr-equal-height-no\" data-id=\"3e41031\" data-element_type=\"section\" data-e-type=\"section\">\n\t\t\t\t\t\t<div class=\"elementor-container elementor-column-gap-default\">\n\t\t\t\t\t<div class=\"elementor-column elementor-col-100 elementor-top-column elementor-element elementor-element-ca59cac\" data-id=\"ca59cac\" data-element_type=\"column\" data-e-type=\"column\">\n\t\t\t<div class=\"elementor-widget-wrap elementor-element-populated\">\n\t\t\t\t\t\t<div class=\"elementor-element elementor-element-78463fd elementor-widget elementor-widget-image\" data-id=\"78463fd\" data-element_type=\"widget\" data-e-type=\"widget\" data-widget_type=\"image.default\">\n\t\t\t\t<div class=\"elementor-widget-container\">\n\t\t\t\t\t\t\t\t\t\t\t\t\t\t\t<img fetchpriority=\"high\" decoding=\"async\" width=\"768\" height=\"510\" src=\"https:\/\/www.landberg.ch\/wp-content\/uploads\/2021\/08\/Hofladen-768x510.jpg\" class=\"attachment-medium_large size-medium_large wp-image-173\" alt=\"\" srcset=\"https:\/\/www.landberg.ch\/wp-content\/uploads\/2021\/08\/Hofladen-768x510.jpg 768w, https:\/\/www.landberg.ch\/wp-content\/uploads\/2021\/08\/Hofladen-300x199.jpg 300w, https:\/\/www.landberg.ch\/wp-content\/uploads\/2021\/08\/Hofladen-272x182.jpg 272w, https:\/\/www.landberg.ch\/wp-content\/uploads\/2021\/08\/Hofladen.jpg 858w\" sizes=\"(max-width: 768px) 100vw, 768px\" \/>\t\t\t\t\t\t\t\t\t\t\t\t\t\t\t<\/div>\n\t\t\t\t<\/div>\n\t\t\t\t\t<\/div>\n\t\t<\/div>\n\t\t\t\t\t<\/div>\n\t\t<\/section>\n\t\t\t\t<\/div>\n\t\t","protected":false},"excerpt":{"rendered":"<p>\u00dcber uns Roman und Melanie mit Remo, Delia und Nico Unser Familienbetrieb bewirtschaften wir in der 6. Generation. Die landwirtschaftliche Nutzfl\u00e4che betr\u00e4gt rund 15 ha. Es werden Tafel\u00e4pfel, Kirschen, Erdbeeren, Himbeeren, Zwetschgen, Holunder sowie auf rund 80 Hochstammobstb\u00e4umen Mostobst produziert. Die Biodiversit\u00e4tsf\u00f6rderfl\u00e4chen sowie die Hochstammobstb\u00e4ume weisen die h\u00f6chste Qualit\u00e4tsstufe aus. Bei der Produktion unserer Fr\u00fcchte und Beeren achten wir auf die Nachhaltigkeit &#8211; \u00f6kologisch wie auch \u00f6konomisch. Dabei setzen wir einen Mix der beiden Produktionssystemen biologisch wie auch nach IP-Suisse ein. Der Witterungsschutz hilft uns die Kulturen vor der Witterung zu sch\u00fctzen aber auch gegen unerw\u00fcnschte Sch\u00e4dlingen. Bei der Sortenwahl achten wir auf die Robustheit gegen Krankheiten und ein intensives Aroma.&nbsp; Unsere 120 H\u00fchner leben in zwei kleinen Gruppen und haben t\u00e4glich Auslauf im Freien auf der Weide. Eine vielseitige F\u00fctterung f\u00f6rdert die sch\u00f6ne goldene Farbe vom Eigelb sowie einen guten Geschmack.&nbsp;&nbsp; Kommen Sie vorbei &#8211; Wir freuen uns auf Sie!<\/p>\n","protected":false},"author":1,"featured_media":0,"parent":0,"menu_order":0,"comment_status":"closed","ping_status":"closed","template":"","meta":{"footnotes":""},"class_list":["post-377","page","type-page","status-publish","hentry"],"_links":{"self":[{"href":"https:\/\/www.landberg.ch\/index.php?rest_route=\/wp\/v2\/pages\/377","targetHints":{"allow":["GET"]}}],"collection":[{"href":"https:\/\/www.landberg.ch\/index.php?rest_route=\/wp\/v2\/pages"}],"about":[{"href":"https:\/\/www.landberg.ch\/index.php?rest_route=\/wp\/v2\/types\/page"}],"author":[{"embeddable":true,"href":"https:\/\/www.landberg.ch\/index.php?rest_route=\/wp\/v2\/users\/1"}],"replies":[{"embeddable":true,"href":"https:\/\/www.landberg.ch\/index.php?rest_route=%2Fwp%2Fv2%2Fcomments&post=377"}],"version-history":[{"count":19,"href":"https:\/\/www.landberg.ch\/index.php?rest_route=\/wp\/v2\/pages\/377\/revisions"}],"predecessor-version":[{"id":1895,"href":"https:\/\/www.landberg.ch\/index.php?rest_route=\/wp\/v2\/pages\/377\/revisions\/1895"}],"wp:attachment":[{"href":"https:\/\/www.landberg.ch\/index.php?rest_route=%2Fwp%2Fv2%2Fmedia&parent=377"}],"curies":[{"name":"wp","href":"https:\/\/api.w.org\/{rel}","templated":true}]}}