{"id":57,"date":"2022-01-17T11:35:41","date_gmt":"2022-01-17T11:35:41","guid":{"rendered":"https:\/\/demosites.royal-elementor-addons.com\/winebar-v1\/?page_id=57"},"modified":"2024-12-23T15:06:28","modified_gmt":"2024-12-23T15:06:28","slug":"produkte","status":"publish","type":"page","link":"https:\/\/www.landberg.ch\/?page_id=57","title":{"rendered":"Produkte"},"content":{"rendered":"\t\t<div data-elementor-type=\"wp-page\" data-elementor-id=\"57\" class=\"elementor elementor-57\">\n\t\t\t\t\t\t<section class=\"elementor-section elementor-top-section elementor-element elementor-element-fc37a3b elementor-section-height-min-height elementor-section-boxed elementor-section-height-default elementor-section-items-middle wpr-particle-no wpr-jarallax-no wpr-parallax-no wpr-sticky-section-no wpr-equal-height-no\" data-id=\"fc37a3b\" data-element_type=\"section\" data-e-type=\"section\" data-settings=\"{&quot;background_background&quot;:&quot;slideshow&quot;,&quot;shape_divider_bottom&quot;:&quot;waves&quot;,&quot;background_slideshow_gallery&quot;:[{&quot;id&quot;:66,&quot;url&quot;:&quot;https:\\\/\\\/www.landberg.ch\\\/wp-content\\\/uploads\\\/slider2\\\/IMG_20200827_103638_0-scaled.jpeg&quot;},{&quot;id&quot;:292,&quot;url&quot;:&quot;https:\\\/\\\/www.landberg.ch\\\/wp-content\\\/uploads\\\/2021\\\/10\\\/IMG_20210921_093200_8-scaled-e1633272460446.jpg&quot;},{&quot;id&quot;:500,&quot;url&quot;:&quot;https:\\\/\\\/www.landberg.ch\\\/wp-content\\\/uploads\\\/2022\\\/12\\\/Baumnuss_quer-scaled.jpg&quot;},{&quot;id&quot;:236,&quot;url&quot;:&quot;https:\\\/\\\/www.landberg.ch\\\/wp-content\\\/uploads\\\/2021\\\/09\\\/Suessmost_Bild_Flasche_1.png&quot;},{&quot;id&quot;:140,&quot;url&quot;:&quot;https:\\\/\\\/www.landberg.ch\\\/wp-content\\\/uploads\\\/2021\\\/07\\\/stgalleroel.jpg&quot;},{&quot;id&quot;:480,&quot;url&quot;:&quot;https:\\\/\\\/www.landberg.ch\\\/wp-content\\\/uploads\\\/2022\\\/05\\\/IMG-20220524-WA0004.jpg&quot;},{&quot;id&quot;:63,&quot;url&quot;:&quot;https:\\\/\\\/www.landberg.ch\\\/wp-content\\\/uploads\\\/2020\\\/08\\\/kaese.jpg&quot;},{&quot;id&quot;:495,&quot;url&quot;:&quot;https:\\\/\\\/www.landberg.ch\\\/wp-content\\\/uploads\\\/2022\\\/08\\\/DSC05017-scaled.jpg&quot;},{&quot;id&quot;:70,&quot;url&quot;:&quot;https:\\\/\\\/www.landberg.ch\\\/wp-content\\\/uploads\\\/slider3\\\/DSC_2893-scaled.jpeg&quot;},{&quot;id&quot;:64,&quot;url&quot;:&quot;https:\\\/\\\/www.landberg.ch\\\/wp-content\\\/uploads\\\/2020\\\/08\\\/Chia.jpg&quot;},{&quot;id&quot;:293,&quot;url&quot;:&quot;https:\\\/\\\/www.landberg.ch\\\/wp-content\\\/uploads\\\/2021\\\/10\\\/IMG_20210903_144627_3-scaled-e1633273216382.jpg&quot;},{&quot;id&quot;:387,&quot;url&quot;:&quot;https:\\\/\\\/www.landberg.ch\\\/wp-content\\\/uploads\\\/2021\\\/12\\\/IMG_20210614_143537_5_2.jpg&quot;}],&quot;background_slideshow_slide_duration&quot;:3000,&quot;background_slideshow_loop&quot;:&quot;yes&quot;,&quot;background_slideshow_slide_transition&quot;:&quot;fade&quot;,&quot;background_slideshow_transition_duration&quot;:500}\">\n\t\t\t\t\t\t\t<div class=\"elementor-background-overlay\"><\/div>\n\t\t\t\t\t\t<div class=\"elementor-shape elementor-shape-bottom\" aria-hidden=\"true\" data-negative=\"false\">\n\t\t\t<svg xmlns=\"http:\/\/www.w3.org\/2000\/svg\" viewBox=\"0 0 1000 100\" preserveAspectRatio=\"none\">\n\t<path class=\"elementor-shape-fill\" d=\"M421.9,6.5c22.6-2.5,51.5,0.4,75.5,5.3c23.6,4.9,70.9,23.5,100.5,35.7c75.8,32.2,133.7,44.5,192.6,49.7\n\tc23.6,2.1,48.7,3.5,103.4-2.5c54.7-6,106.2-25.6,106.2-25.6V0H0v30.3c0,0,72,32.6,158.4,30.5c39.2-0.7,92.8-6.7,134-22.4\n\tc21.2-8.1,52.2-18.2,79.7-24.2C399.3,7.9,411.6,7.5,421.9,6.5z\"\/>\n<\/svg>\t\t<\/div>\n\t\t\t\t\t<div class=\"elementor-container elementor-column-gap-default\">\n\t\t\t\t\t<div class=\"elementor-column elementor-col-100 elementor-top-column elementor-element elementor-element-da8a188\" data-id=\"da8a188\" data-element_type=\"column\" data-e-type=\"column\">\n\t\t\t<div class=\"elementor-widget-wrap elementor-element-populated\">\n\t\t\t\t\t\t<div class=\"elementor-element elementor-element-578c60e elementor-widget elementor-widget-heading\" data-id=\"578c60e\" data-element_type=\"widget\" data-e-type=\"widget\" data-widget_type=\"heading.default\">\n\t\t\t\t<div class=\"elementor-widget-container\">\n\t\t\t\t\t<h2 class=\"elementor-heading-title elementor-size-default\">Produkte<\/h2>\t\t\t\t<\/div>\n\t\t\t\t<\/div>\n\t\t\t\t\t<\/div>\n\t\t<\/div>\n\t\t\t\t\t<\/div>\n\t\t<\/section>\n\t\t\t\t<section class=\"elementor-section elementor-top-section elementor-element elementor-element-38008e2 elementor-section-boxed elementor-section-height-default elementor-section-height-default wpr-particle-no wpr-jarallax-no wpr-parallax-no wpr-sticky-section-no wpr-equal-height-no\" data-id=\"38008e2\" data-element_type=\"section\" data-e-type=\"section\">\n\t\t\t\t\t\t<div class=\"elementor-container elementor-column-gap-default\">\n\t\t\t\t\t<div class=\"elementor-column elementor-col-100 elementor-top-column elementor-element elementor-element-00550b4\" data-id=\"00550b4\" data-element_type=\"column\" data-e-type=\"column\">\n\t\t\t<div class=\"elementor-widget-wrap elementor-element-populated\">\n\t\t\t\t\t\t<div class=\"elementor-element elementor-element-c515836 elementor-widget elementor-widget-heading\" data-id=\"c515836\" data-element_type=\"widget\" data-e-type=\"widget\" data-widget_type=\"heading.default\">\n\t\t\t\t<div class=\"elementor-widget-container\">\n\t\t\t\t\t<h2 class=\"elementor-heading-title elementor-size-default\">unsere Produkte<\/h2>\t\t\t\t<\/div>\n\t\t\t\t<\/div>\n\t\t\t\t<div class=\"elementor-element elementor-element-4010c70 elementor-widget elementor-widget-heading\" data-id=\"4010c70\" data-element_type=\"widget\" data-e-type=\"widget\" data-widget_type=\"heading.default\">\n\t\t\t\t<div class=\"elementor-widget-container\">\n\t\t\t\t\t<h2 class=\"elementor-heading-title elementor-size-default\">Qualit\u00e4t, die schmeckt <\/h2>\t\t\t\t<\/div>\n\t\t\t\t<\/div>\n\t\t\t\t<div class=\"elementor-element elementor-element-e6e44e0 elementor-widget-divider--view-line elementor-widget elementor-widget-divider\" data-id=\"e6e44e0\" data-element_type=\"widget\" data-e-type=\"widget\" data-widget_type=\"divider.default\">\n\t\t\t\t<div class=\"elementor-widget-container\">\n\t\t\t\t\t\t\t<div class=\"elementor-divider\">\n\t\t\t<span class=\"elementor-divider-separator\">\n\t\t\t\t\t\t<\/span>\n\t\t<\/div>\n\t\t\t\t\t\t<\/div>\n\t\t\t\t<\/div>\n\t\t\t\t<div class=\"elementor-element elementor-element-11d01ad wpr-feature-list-left wpr-feature-list-square elementor-widget elementor-widget-wpr-feature-list\" data-id=\"11d01ad\" data-element_type=\"widget\" data-e-type=\"widget\" data-widget_type=\"wpr-feature-list.default\">\n\t\t\t\t<div class=\"elementor-widget-container\">\n\t\t\t\t\t<div class=\"wpr-feature-list-wrap\"><ul class=\"wpr-feature-list\"><li class=\"wpr-feature-list-item elementor-repeater-item-bb961c4\"><div class=\"wpr-feature-list-icon-wrap\"><span class=\"wpr-feature-list-line\"><\/span><div class=\"wpr-feature-list-icon-inner-wrap\"><img decoding=\"async\" src=\"https:\/\/www.landberg.ch\/wp-content\/uploads\/slider3\/Erdbeeren-150x150.jpeg\"><\/div><\/div><div class=\"wpr-feature-list-content-wrap\"><h2 class=\"wpr-feature-list-title\"><a class=\"wpr-feature-list-url\" target=\"_blank\" rel=\"nofollow\">Erdbeeren<\/a><\/h2><p class=\"wpr-feature-list-description\">Im Freiland angebaut und unter der Sonne gereift (Mitte Mai bis Mitte Juni)<\/p><\/div><\/li><li class=\"wpr-feature-list-item elementor-repeater-item-fea18ea\"><div class=\"wpr-feature-list-icon-wrap\"><span class=\"wpr-feature-list-line\"><\/span><div class=\"wpr-feature-list-icon-inner-wrap\"><img decoding=\"async\" src=\"https:\/\/www.landberg.ch\/wp-content\/uploads\/slider3\/DSC_2893-150x150.jpeg\"><\/div><\/div><div class=\"wpr-feature-list-content-wrap\"><h2 class=\"wpr-feature-list-title\"><a class=\"wpr-feature-list-url\" target=\"_blank\" rel=\"nofollow\">Kirschen<\/a><\/h2><p class=\"wpr-feature-list-description\">Die modernen Sorten sind gross, fest und prall. T\u00e4glich frisch gepfl\u00fcckt schmecken sie besonders gut (Juni - Juli)<\/p><\/div><\/li><li class=\"wpr-feature-list-item elementor-repeater-item-80c1af8\"><div class=\"wpr-feature-list-icon-wrap\"><span class=\"wpr-feature-list-line\"><\/span><div class=\"wpr-feature-list-icon-inner-wrap\"><img decoding=\"async\" src=\"https:\/\/www.landberg.ch\/wp-content\/uploads\/2021\/10\/GOC_68421-scaled-e1633270464612-150x150.jpg\"><\/div><\/div><div class=\"wpr-feature-list-content-wrap\"><h2 class=\"wpr-feature-list-title\"><a class=\"wpr-feature-list-url\" href=\"https:\/\/www.landberg.ch\/?page_id=53\" target=\"_blank\" rel=\"nofollow\">\u00c4pfel<\/a><\/h2><p class=\"wpr-feature-list-description\">Unsere Sortenvielfalt h\u00e4lt f\u00fcr jeden Geschmack den richtigen Apfel bereit. (August bis Juni) <\/p><\/div><\/li><li class=\"wpr-feature-list-item elementor-repeater-item-a21f25b\"><div class=\"wpr-feature-list-icon-wrap\"><span class=\"wpr-feature-list-line\"><\/span><div class=\"wpr-feature-list-icon-inner-wrap\"><img decoding=\"async\" src=\"https:\/\/www.landberg.ch\/wp-content\/uploads\/2021\/10\/IMG_20210903_144627_3-scaled-e1633273216382-150x150.jpg\"><\/div><\/div><div class=\"wpr-feature-list-content-wrap\"><h2 class=\"wpr-feature-list-title\"><a class=\"wpr-feature-list-url\" target=\"_blank\" rel=\"nofollow\">Birnen<\/a><\/h2><p class=\"wpr-feature-list-description\">3 Sorten Birnen bieten wir an. Wiliams, Conference und Kaiser Alexander (August - April)<\/p><\/div><\/li><li class=\"wpr-feature-list-item elementor-repeater-item-a32574d\"><div class=\"wpr-feature-list-icon-wrap\"><span class=\"wpr-feature-list-line\"><\/span><div class=\"wpr-feature-list-icon-inner-wrap\"><img decoding=\"async\" src=\"https:\/\/www.landberg.ch\/wp-content\/uploads\/2021\/09\/Suessmost_Bild_Flasche_1-150x150.png\"><\/div><\/div><div class=\"wpr-feature-list-content-wrap\"><h2 class=\"wpr-feature-list-title\"><a class=\"wpr-feature-list-url\" href=\"https:\/\/www.landberg.ch\/?page_id=55\" target=\"_blank\" rel=\"nofollow\">S\u00fcssmost<\/a><\/h2><p class=\"wpr-feature-list-description\">100% Apfelsaft in folgenden Gr\u00f6ssen: 10l und 5l Bag in Box, 3l Standbeutel, 1.35l PET-Flasche | <\/p><\/div><\/li><li class=\"wpr-feature-list-item elementor-repeater-item-f86fa9f\"><div class=\"wpr-feature-list-icon-wrap\"><span class=\"wpr-feature-list-line\"><\/span><div class=\"wpr-feature-list-icon-inner-wrap\"><img decoding=\"async\" src=\"https:\/\/www.landberg.ch\/wp-content\/uploads\/2024\/03\/Ice_Tea_2024-e1710784147671-150x150.jpg\"><\/div><\/div><div class=\"wpr-feature-list-content-wrap\"><h2 class=\"wpr-feature-list-title\"><a class=\"wpr-feature-list-url\" target=\"_blank\" rel=\"nofollow\">Ice Tea<\/a><\/h2><p class=\"wpr-feature-list-description\">60% Apfelsaft, mit Teeaufguss von Schwarztee, Pfefferminze und Lindenbl\u00fcten. Erfrischend leicht.\n<\/p><\/div><\/li><li class=\"wpr-feature-list-item elementor-repeater-item-ff53490\"><div class=\"wpr-feature-list-icon-wrap\"><span class=\"wpr-feature-list-line\"><\/span><div class=\"wpr-feature-list-icon-inner-wrap\"><img decoding=\"async\" src=\"https:\/\/www.landberg.ch\/wp-content\/uploads\/slider2\/IMG_20200827_103638_0-150x150.jpeg\"><\/div><\/div><div class=\"wpr-feature-list-content-wrap\"><h2 class=\"wpr-feature-list-title\"><a class=\"wpr-feature-list-url\" target=\"_blank\" rel=\"nofollow\">Freilandeier<\/a><\/h2><p class=\"wpr-feature-list-description\">Unsere H\u00fchner k\u00f6nnen t\u00e4glich auf die grosse Weide und unter den B\u00fcschen und Hochstammobstb\u00e4ume f\u00fchlen sie sich wohl.<\/p><\/div><\/li><li class=\"wpr-feature-list-item elementor-repeater-item-e1dc33e\"><div class=\"wpr-feature-list-icon-wrap\"><span class=\"wpr-feature-list-line\"><\/span><div class=\"wpr-feature-list-icon-inner-wrap\"><img decoding=\"async\" src=\"https:\/\/www.landberg.ch\/wp-content\/uploads\/2022\/08\/DSC05017-150x150.jpg\"><\/div><\/div><div class=\"wpr-feature-list-content-wrap\"><h2 class=\"wpr-feature-list-title\"><a class=\"wpr-feature-list-url\" target=\"_blank\" rel=\"nofollow\">Zwetschgen<\/a><\/h2><p class=\"wpr-feature-list-description\">Die Zwetschgen werden genussreif geerntet. Nur so sind sie s\u00fcss mit vollem Aroma. (September)<\/p><\/div><\/li><li class=\"wpr-feature-list-item elementor-repeater-item-ebce4d1\"><div class=\"wpr-feature-list-icon-wrap\"><span class=\"wpr-feature-list-line\"><\/span><div class=\"wpr-feature-list-icon-inner-wrap\"><img decoding=\"async\" src=\"https:\/\/www.landberg.ch\/wp-content\/uploads\/2020\/08\/kaese-e1675805413316-150x150.jpg\"><\/div><\/div><div class=\"wpr-feature-list-content-wrap\"><h2 class=\"wpr-feature-list-title\"><a class=\"wpr-feature-list-url\" target=\"_blank\" rel=\"nofollow\">K\u00e4se von der K\u00e4serei Tschumper<\/a><\/h2><p class=\"wpr-feature-list-description\">Unsere Milch wird in der K\u00e4serei Tschumper in Degersheim zu hochwertigen K\u00e4se verarbeitet.<\/p><\/div><\/li><li class=\"wpr-feature-list-item elementor-repeater-item-548b958\"><div class=\"wpr-feature-list-icon-wrap\"><span class=\"wpr-feature-list-line\"><\/span><div class=\"wpr-feature-list-icon-inner-wrap\"><img decoding=\"async\" src=\"https:\/\/www.landberg.ch\/wp-content\/uploads\/2020\/08\/Chia-e1675805637279-150x150.jpg\"><\/div><\/div><div class=\"wpr-feature-list-content-wrap\"><h2 class=\"wpr-feature-list-title\"><a class=\"wpr-feature-list-url\" target=\"_blank\" rel=\"nofollow\">Chia aus Schweizer Anbau<\/a><\/h2><p class=\"wpr-feature-list-description\">Chia wird auf dem Landberg angebaut und ist ein Superfood von hier.<\/p><\/div><\/li><li class=\"wpr-feature-list-item elementor-repeater-item-78c4522\"><div class=\"wpr-feature-list-icon-wrap\"><span class=\"wpr-feature-list-line\"><\/span><div class=\"wpr-feature-list-icon-inner-wrap\"><img decoding=\"async\" src=\"https:\/\/www.landberg.ch\/wp-content\/uploads\/2022\/12\/Baumnuss_quer-150x150.jpg\"><\/div><\/div><div class=\"wpr-feature-list-content-wrap\"><h2 class=\"wpr-feature-list-title\"><a class=\"wpr-feature-list-url\" target=\"_blank\" rel=\"nofollow\">Baumn\u00fcsse<\/a><\/h2><p class=\"wpr-feature-list-description\">Die getrockneten Baumn\u00fcsse liefern besonders im Winter wertvolle Inhaltsstoffe.<\/p><\/div><\/li><li class=\"wpr-feature-list-item elementor-repeater-item-6393716\"><div class=\"wpr-feature-list-icon-wrap\"><span class=\"wpr-feature-list-line\"><\/span><div class=\"wpr-feature-list-icon-inner-wrap\"><img decoding=\"async\" src=\"https:\/\/www.landberg.ch\/wp-content\/uploads\/2021\/07\/stgalleroel-150x150.jpg\"><\/div><\/div><div class=\"wpr-feature-list-content-wrap\"><h2 class=\"wpr-feature-list-title\"><a class=\"wpr-feature-list-url\" target=\"_blank\" rel=\"nofollow\">St.Galler \u00d6l<\/a><\/h2><p class=\"wpr-feature-list-description\">Die hochwertigen kaltgepressten \u00d6le bieten ein besonders Geschmackserlebniss. Ein ideales Geschenk.<\/p><\/div><\/li><li class=\"wpr-feature-list-item elementor-repeater-item-1635418\"><div class=\"wpr-feature-list-icon-wrap\"><span class=\"wpr-feature-list-line\"><\/span><div class=\"wpr-feature-list-icon-inner-wrap\"><img decoding=\"async\" src=\"https:\/\/www.landberg.ch\/wp-content\/uploads\/2023\/02\/GOC_6573-scaled-e1675806647583-150x150.jpg\"><\/div><\/div><div class=\"wpr-feature-list-content-wrap\"><h2 class=\"wpr-feature-list-title\"><a class=\"wpr-feature-list-url\" target=\"_blank\" rel=\"nofollow\">Konfit\u00fcren<\/a><\/h2><p class=\"wpr-feature-list-description\">Hausgemacht mit reifen Fr\u00fcchten<\/p><\/div><\/li><li class=\"wpr-feature-list-item elementor-repeater-item-6893bb4\"><div class=\"wpr-feature-list-icon-wrap\"><span class=\"wpr-feature-list-line\"><\/span><div class=\"wpr-feature-list-icon-inner-wrap\"><img decoding=\"async\" src=\"https:\/\/www.landberg.ch\/wp-content\/uploads\/2023\/02\/GOC_6575-scaled-e1675806700710-150x150.jpg\"><\/div><\/div><div class=\"wpr-feature-list-content-wrap\"><h2 class=\"wpr-feature-list-title\"><a class=\"wpr-feature-list-url\" target=\"_blank\" rel=\"nofollow\">Sirup<\/a><\/h2><p class=\"wpr-feature-list-description\">Holunderbeeren Sirup ist im Winter ein muss. Holunderbl\u00fcten Sirup erfrischt im Sommer angenehm.<\/p><\/div><\/li><li class=\"wpr-feature-list-item elementor-repeater-item-e502e25\"><div class=\"wpr-feature-list-icon-wrap\"><span class=\"wpr-feature-list-line\"><\/span><div class=\"wpr-feature-list-icon-inner-wrap\"><img decoding=\"async\" src=\"https:\/\/www.landberg.ch\/wp-content\/uploads\/2023\/02\/GOC_7385-150x150.jpg\"><\/div><\/div><div class=\"wpr-feature-list-content-wrap\"><h2 class=\"wpr-feature-list-title\"><a class=\"wpr-feature-list-url\" target=\"_blank\" rel=\"nofollow\">Geschenkskistli<\/a><\/h2><p class=\"wpr-feature-list-description\">Geschenkskistli k\u00f6nnen auf Bestellung gemacht werden<\/p><\/div><\/li><li class=\"wpr-feature-list-item elementor-repeater-item-fd14143\"><div class=\"wpr-feature-list-icon-wrap\"><span class=\"wpr-feature-list-line\"><\/span><div class=\"wpr-feature-list-icon-inner-wrap\"><img decoding=\"async\" src=\"https:\/\/www.landberg.ch\/wp-content\/uploads\/2023\/02\/Holunder-150x150.jpg\"><\/div><\/div><div class=\"wpr-feature-list-content-wrap\"><h2 class=\"wpr-feature-list-title\"><a class=\"wpr-feature-list-url\" target=\"_blank\" rel=\"nofollow\">Holunderprodukte<\/a><\/h2><p class=\"wpr-feature-list-description\">Als Mischgetr\u00e4nke mit Apfelsaft oder als Holundersaft pur<\/p><\/div><\/li><li class=\"wpr-feature-list-item elementor-repeater-item-12d31ae\"><div class=\"wpr-feature-list-icon-wrap\"><span class=\"wpr-feature-list-line\"><\/span><div class=\"wpr-feature-list-icon-inner-wrap\"><img decoding=\"async\" src=\"https:\/\/www.landberg.ch\/wp-content\/uploads\/2023\/02\/Lammschueblig-150x150.jpg\"><\/div><\/div><div class=\"wpr-feature-list-content-wrap\"><h2 class=\"wpr-feature-list-title\"><a class=\"wpr-feature-list-url\" target=\"_blank\" rel=\"nofollow\">Lammsch\u00fcblig<\/a><\/h2><p class=\"wpr-feature-list-description\">fein w\u00fcrziges Produkt zum Kaltessen<\/p><\/div><\/li><li class=\"wpr-feature-list-item elementor-repeater-item-07b9e72\"><div class=\"wpr-feature-list-icon-wrap\"><span class=\"wpr-feature-list-line\"><\/span><div class=\"wpr-feature-list-icon-inner-wrap\"><img decoding=\"async\" src=\"https:\/\/www.landberg.ch\/wp-content\/uploads\/2023\/02\/DSC_5090-scaled-e1675806957649-150x150.jpg\"><\/div><\/div><div class=\"wpr-feature-list-content-wrap\"><h2 class=\"wpr-feature-list-title\"><a class=\"wpr-feature-list-url\" target=\"_blank\" rel=\"nofollow\">Honig<\/a><\/h2><p class=\"wpr-feature-list-description\">Bl\u00fctenhonig oder Waldhonig aus Flawil<\/p><\/div><\/li><\/ul><\/div>\t\t\t\t<\/div>\n\t\t\t\t<\/div>\n\t\t\t\t\t<\/div>\n\t\t<\/div>\n\t\t\t\t\t<\/div>\n\t\t<\/section>\n\t\t\t\t<\/div>\n\t\t","protected":false},"excerpt":{"rendered":"<p>Produkte unsere Produkte Qualit\u00e4t, die schmeckt Erdbeeren Im Freiland angebaut und unter der Sonne gereift (Mitte Mai bis Mitte Juni) Kirschen Die modernen Sorten sind gross, fest und prall. T\u00e4glich frisch gepfl\u00fcckt schmecken sie besonders gut (Juni &#8211; Juli) \u00c4pfel Unsere Sortenvielfalt h\u00e4lt f\u00fcr jeden Geschmack den richtigen Apfel bereit. (August bis Juni) Birnen 3 Sorten Birnen bieten wir an. Wiliams, Conference und Kaiser Alexander (August &#8211; April) S\u00fcssmost 100% Apfelsaft in folgenden Gr\u00f6ssen: 10l und 5l Bag in Box, 3l Standbeutel, 1.35l PET-Flasche | Ice Tea 60% Apfelsaft, mit Teeaufguss von Schwarztee, Pfefferminze und Lindenbl\u00fcten. Erfrischend leicht. Freilandeier Unsere H\u00fchner k\u00f6nnen t\u00e4glich auf die grosse Weide und unter den B\u00fcschen und Hochstammobstb\u00e4ume f\u00fchlen sie sich wohl. Zwetschgen Die Zwetschgen werden genussreif geerntet. Nur so sind sie s\u00fcss mit vollem Aroma. (September) K\u00e4se von der K\u00e4serei Tschumper Unsere Milch wird in der K\u00e4serei Tschumper in Degersheim zu hochwertigen K\u00e4se verarbeitet. Chia aus Schweizer Anbau Chia wird auf dem Landberg angebaut und ist ein Superfood von hier. Baumn\u00fcsse Die getrockneten Baumn\u00fcsse liefern besonders im Winter wertvolle Inhaltsstoffe. St.Galler \u00d6l Die hochwertigen kaltgepressten \u00d6le bieten ein besonders Geschmackserlebniss. Ein ideales Geschenk. Konfit\u00fcren Hausgemacht mit reifen Fr\u00fcchten Sirup Holunderbeeren Sirup ist im Winter ein muss. Holunderbl\u00fcten Sirup erfrischt im Sommer angenehm. Geschenkskistli Geschenkskistli k\u00f6nnen auf Bestellung gemacht werden Holunderprodukte Als Mischgetr\u00e4nke mit Apfelsaft oder als Holundersaft pur Lammsch\u00fcblig fein w\u00fcrziges Produkt zum Kaltessen Honig Bl\u00fctenhonig oder Waldhonig aus Flawil<\/p>\n","protected":false},"author":1,"featured_media":0,"parent":0,"menu_order":0,"comment_status":"closed","ping_status":"closed","template":"elementor_canvas","meta":{"footnotes":""},"class_list":["post-57","page","type-page","status-publish","hentry"],"_links":{"self":[{"href":"https:\/\/www.landberg.ch\/index.php?rest_route=\/wp\/v2\/pages\/57","targetHints":{"allow":["GET"]}}],"collection":[{"href":"https:\/\/www.landberg.ch\/index.php?rest_route=\/wp\/v2\/pages"}],"about":[{"href":"https:\/\/www.landberg.ch\/index.php?rest_route=\/wp\/v2\/types\/page"}],"author":[{"embeddable":true,"href":"https:\/\/www.landberg.ch\/index.php?rest_route=\/wp\/v2\/users\/1"}],"replies":[{"embeddable":true,"href":"https:\/\/www.landberg.ch\/index.php?rest_route=%2Fwp%2Fv2%2Fcomments&post=57"}],"version-history":[{"count":43,"href":"https:\/\/www.landberg.ch\/index.php?rest_route=\/wp\/v2\/pages\/57\/revisions"}],"predecessor-version":[{"id":2172,"href":"https:\/\/www.landberg.ch\/index.php?rest_route=\/wp\/v2\/pages\/57\/revisions\/2172"}],"wp:attachment":[{"href":"https:\/\/www.landberg.ch\/index.php?rest_route=%2Fwp%2Fv2%2Fmedia&parent=57"}],"curies":[{"name":"wp","href":"https:\/\/api.w.org\/{rel}","templated":true}]}}